
{"id":22,"date":"2014-08-08T03:28:12","date_gmt":"2014-08-08T01:28:12","guid":{"rendered":"https:\/\/hdv.org.rs\/en\/?page_id=22"},"modified":"2024-11-03T21:31:11","modified_gmt":"2024-11-03T20:31:11","slug":"sections","status":"publish","type":"page","link":"https:\/\/hdv.org.rs\/en\/organization\/sections\/","title":{"rendered":"Sections"},"content":{"rendered":"<h3>Section for engineering of materials<\/h3>\n<p><strong>dr Ivan Risti<span lang=\"SR-LATN-RS\">\u0107<\/span><\/strong> \u2192 <span lang=\"EN-GB\">ivan.ristic<span lang=\"SR-LATN-RS\">@uns.ac.rs<\/span><\/span><\/p>\n<h3>Section for catalysis<\/h3>\n<p><strong>Prof. dr Dr Sanja\u00a0Pani\u0107<\/strong> \u2192 sanjar@tf.uns.ac.rs<\/p>\n<h3>Section for analytical chemistry<\/h3>\n<p><strong>Prof. dr Daniela \u0160oji\u0107 Merkulov<\/strong> \u2192 daniela.sojic@dh.uns.ac.rs<\/p>\n<h3>Section for biochemistry<\/h3>\n<p><strong>Prof. dr Suzana Jovanovi\u0107-\u0160anta<\/strong> \u2192 suzana.jovanovic-santa@dh.uns.ac.rs<\/p>\n<h3>Section for organic chemistry<\/h3>\n<p><strong>Prof. dr Ljubica Grbovi\u0107<\/strong> \u2192 ljubica.grbovic@dh.uns.ac.rs<\/p>\n<h3>Section for Medicinal Chemistry<\/h3>\n<p><strong>Bojana Sre\u0107o Zelenovi\u0107<\/strong><\/p>\n<h3>Section for chemical engineering<\/h3>\n<p><strong>Prof. dr Branislava Nikoloski<\/strong> \u2192 barjakb@uns.ac.rs<\/p>\n<h3>Section for chemistry courses<\/h3>\n<p><strong>Prof. dr Jasna Adamov<\/strong> \u2192 jasna.adamov@dh.uns.ac.rs<\/p>\n<h3>Section for environmental protection<\/h3>\n<p><strong>Prof. dr Dragana Toma\u0161evi\u0107 Pilipovi\u0107<\/strong> \u2192\u00a0 dragana.tomasevic@dh.uns.ac.rs<\/p>\n<p><a class=\"capslink\" href=\"\/documents\/rulebook-of-the-work-of-sections\/\">Rulebook of the work of sections<\/a><\/p>\n","protected":false},"excerpt":{"rendered":"<p>Section for engineering of materials dr Ivan Risti\u0107 \u2192 ivan.ristic@uns.ac.rs Section for catalysis Prof. dr Dr Sanja\u00a0Pani\u0107 \u2192 sanjar@tf.uns.ac.rs Section for analytical chemistry Prof. dr Daniela \u0160oji\u0107 Merkulov \u2192 daniela.sojic@dh.uns.ac.rs Section for biochemistry Prof. dr Suzana Jovanovi\u0107-\u0160anta \u2192 suzana.jovanovic-santa@dh.uns.ac.rs Section for organic chemistry Prof. dr Ljubica Grbovi\u0107 \u2192 ljubica.grbovic@dh.uns.ac.rs Section for Medicinal Chemistry Bojana Sre\u0107o [&hellip;]<\/p>\n","protected":false},"author":1,"featured_media":0,"parent":0,"menu_order":0,"comment_status":"closed","ping_status":"closed","template":"","meta":[],"_links":{"self":[{"href":"https:\/\/hdv.org.rs\/en\/wp-json\/wp\/v2\/pages\/22"}],"collection":[{"href":"https:\/\/hdv.org.rs\/en\/wp-json\/wp\/v2\/pages"}],"about":[{"href":"https:\/\/hdv.org.rs\/en\/wp-json\/wp\/v2\/types\/page"}],"author":[{"embeddable":true,"href":"https:\/\/hdv.org.rs\/en\/wp-json\/wp\/v2\/users\/1"}],"replies":[{"embeddable":true,"href":"https:\/\/hdv.org.rs\/en\/wp-json\/wp\/v2\/comments?post=22"}],"version-history":[{"count":3,"href":"https:\/\/hdv.org.rs\/en\/wp-json\/wp\/v2\/pages\/22\/revisions"}],"predecessor-version":[{"id":193,"href":"https:\/\/hdv.org.rs\/en\/wp-json\/wp\/v2\/pages\/22\/revisions\/193"}],"wp:attachment":[{"href":"https:\/\/hdv.org.rs\/en\/wp-json\/wp\/v2\/media?parent=22"}],"curies":[{"name":"wp","href":"https:\/\/api.w.org\/{rel}","templated":true}]}}